{"id":375,"date":"2019-08-30T15:03:35","date_gmt":"2019-08-30T13:03:35","guid":{"rendered":"http:\/\/elimo.sk\/?page_id=375"},"modified":"2021-10-10T18:17:24","modified_gmt":"2021-10-10T16:17:24","slug":"prihasit-sa","status":"publish","type":"page","link":"https:\/\/elimo.sk\/en\/prihasit-sa\/","title":{"rendered":"SIGN UP"},"content":{"rendered":"\t\t<div data-elementor-type=\"wp-post\" data-elementor-id=\"375\" class=\"elementor elementor-375\">\n\t\t\t\t\t\t<section class=\"elementor-section elementor-top-section elementor-element elementor-element-2187355 elementor-section-boxed elementor-section-height-default elementor-section-height-default\" data-id=\"2187355\" data-element_type=\"section\" data-e-type=\"section\" data-settings=\"{&quot;background_background&quot;:&quot;gradient&quot;}\">\n\t\t\t\t\t\t<div class=\"elementor-container elementor-column-gap-extended\">\n\t\t\t\t\t<div class=\"elementor-column elementor-col-100 elementor-top-column elementor-element elementor-element-0ecce74\" data-id=\"0ecce74\" data-element_type=\"column\" data-e-type=\"column\">\n\t\t\t<div class=\"elementor-widget-wrap elementor-element-populated\">\n\t\t\t\t\t\t<div class=\"elementor-element elementor-element-b6cdc13 elementor-widget elementor-widget-wp-widget-wpforms-widget\" data-id=\"b6cdc13\" data-element_type=\"widget\" data-e-type=\"widget\" data-widget_type=\"wp-widget-wpforms-widget.default\">\n\t\t\t\t<div class=\"elementor-widget-container\">\n\t\t\t\t\t<div class=\"wpforms-container wpforms-container-full\" id=\"wpforms-383\"><form id=\"wpforms-form-383\" class=\"wpforms-validate wpforms-form\" data-formid=\"383\" method=\"post\" enctype=\"multipart\/form-data\" action=\"\/en\/wp-json\/wp\/v2\/pages\/375\" data-token=\"01bb47d83419f4871f9542d561178fff\" data-token-time=\"1777127018\"><div class=\"wpforms-head-container\"><div class=\"wpforms-title\">PRIHL\u00c1SI\u0164 SA NA JAZYKOV\u00dd KURZ<\/div><\/div><noscript class=\"wpforms-error-noscript\">Please enable JavaScript in your browser to complete this form.<\/noscript><div class=\"wpforms-field-container\"><div id=\"wpforms-383-field_1-container\" class=\"wpforms-field wpforms-field-name\" data-field-id=\"1\"><label class=\"wpforms-field-label\" for=\"wpforms-383-field_1\">Meno <span class=\"wpforms-required-label\">*<\/span><\/label><input type=\"text\" id=\"wpforms-383-field_1\" class=\"wpforms-field-medium wpforms-field-required\" name=\"wpforms[fields][1]\" required><\/div><div id=\"wpforms-383-field_2-container\" class=\"wpforms-field wpforms-field-name\" data-field-id=\"2\"><label class=\"wpforms-field-label\" for=\"wpforms-383-field_2\">Meno \u0161tudenta (Ak je meno \u0161tudenta in\u00e9)<\/label><input type=\"text\" id=\"wpforms-383-field_2\" class=\"wpforms-field-medium\" name=\"wpforms[fields][2]\" ><\/div><div id=\"wpforms-383-field_3-container\" class=\"wpforms-field wpforms-field-email\" data-field-id=\"3\"><label class=\"wpforms-field-label\" for=\"wpforms-383-field_3\">Email <span class=\"wpforms-required-label\">*<\/span><\/label><input type=\"email\" id=\"wpforms-383-field_3\" class=\"wpforms-field-medium wpforms-field-required\" name=\"wpforms[fields][3]\" spellcheck=\"false\" required><\/div><div id=\"wpforms-383-field_9-container\" class=\"wpforms-field wpforms-field-number\" data-field-id=\"9\"><label class=\"wpforms-field-label\" for=\"wpforms-383-field_9\">Telef\u00f3nne \u010d\u00edslo<\/label><input type=\"number\" id=\"wpforms-383-field_9\" class=\"wpforms-field-medium\" name=\"wpforms[fields][9]\" step=\"any\" ><\/div><div id=\"wpforms-383-field_6-container\" class=\"wpforms-field wpforms-field-select wpforms-field-select-style-classic\" data-field-id=\"6\"><label class=\"wpforms-field-label\" for=\"wpforms-383-field_6\">Jazykov\u00fd kurz <span class=\"wpforms-required-label\">*<\/span><\/label><select id=\"wpforms-383-field_6\" class=\"wpforms-field-medium wpforms-field-required\" name=\"wpforms[fields][6]\" required=\"required\"><option value=\"Firemn\u00fd kurz\"  class=\"choice-1 depth-1\"  >Firemn\u00fd kurz<\/option><option value=\"Individu\u00e1lny kurz\"  class=\"choice-7 depth-1\"  >Individu\u00e1lny kurz<\/option><option value=\"Skupinov\u00fd kurz\"  class=\"choice-6 depth-1\"  >Skupinov\u00fd kurz<\/option><option value=\"Kurz pre seniorov\"  class=\"choice-5 depth-1\"  >Kurz pre seniorov<\/option><option value=\"Prihl\u00e1si\u0165 svoje die\u0165a\"  class=\"choice-4 depth-1\"  >Prihl\u00e1si\u0165 svoje die\u0165a<\/option><option value=\"Kurz pre mami\u010dky s de\u0165mi\"  class=\"choice-2 depth-1\"  >Kurz pre mami\u010dky s de\u0165mi<\/option><option value=\"In\u00fd\"  class=\"choice-3 depth-1\"  >In\u00fd<\/option><\/select><\/div><div id=\"wpforms-383-field_14-container\" class=\"wpforms-field wpforms-field-text\" data-field-id=\"14\"><label class=\"wpforms-field-label\" for=\"wpforms-383-field_14\">Cudz\u00ed jazyk na ktor\u00fd sa prihlasujete <span class=\"wpforms-required-label\">*<\/span><\/label><input type=\"text\" id=\"wpforms-383-field_14\" class=\"wpforms-field-medium wpforms-field-required\" name=\"wpforms[fields][14]\" required><\/div><div id=\"wpforms-383-field_17-container\" class=\"wpforms-field wpforms-field-text\" data-field-id=\"17\"><label class=\"wpforms-field-label\" for=\"wpforms-383-field_17\">Skupinov\u00fd kurz na ktor\u00fd sa chcem prihl\u00e1si\u0165 (de\u0148 a \u010das ak sa prihlasujete na skupinov\u00fd kurz):<\/label><input type=\"text\" id=\"wpforms-383-field_17\" class=\"wpforms-field-medium\" name=\"wpforms[fields][17]\" ><\/div><div id=\"wpforms-383-field_16-container\" class=\"wpforms-field wpforms-field-text\" data-field-id=\"16\"><label class=\"wpforms-field-label\" for=\"wpforms-383-field_16\">Lektor, ktor\u00e9ho preferujem (nepovinn\u00e9)<\/label><input type=\"text\" id=\"wpforms-383-field_16\" class=\"wpforms-field-medium\" name=\"wpforms[fields][16]\" ><\/div><div id=\"wpforms-383-field_11-container\" class=\"wpforms-field wpforms-field-text\" data-field-id=\"11\"><label class=\"wpforms-field-label\" for=\"wpforms-383-field_11\">Pracovn\u00e1 poz\u00edcia\/\u017diak\/\u0160tudent<\/label><input type=\"text\" id=\"wpforms-383-field_11\" class=\"wpforms-field-medium\" name=\"wpforms[fields][11]\" ><\/div><div id=\"wpforms-383-field_12-container\" class=\"wpforms-field wpforms-field-radio\" data-field-id=\"12\"><label class=\"wpforms-field-label\">Ak nebolo uveden\u00e9 vy\u0161\u0161ie, preferujete: <\/label><ul id=\"wpforms-383-field_12\"><li class=\"choice-1 depth-1\"><input type=\"radio\" id=\"wpforms-383-field_12_1\" name=\"wpforms[fields][12]\" value=\"Individu\u00e1lny kurz\"  ><label class=\"wpforms-field-label-inline\" for=\"wpforms-383-field_12_1\">Individu\u00e1lny kurz<\/label><\/li><li class=\"choice-2 depth-1\"><input type=\"radio\" id=\"wpforms-383-field_12_2\" name=\"wpforms[fields][12]\" value=\"Skupinov\u00fd kurz\"  ><label class=\"wpforms-field-label-inline\" for=\"wpforms-383-field_12_2\">Skupinov\u00fd kurz<\/label><\/li><\/ul><\/div><div id=\"wpforms-383-field_18-container\" class=\"wpforms-field wpforms-field-radio\" data-field-id=\"18\"><label class=\"wpforms-field-label\">Online \u010di osobne?  <span class=\"wpforms-required-label\">*<\/span><\/label><ul id=\"wpforms-383-field_18\" class=\"wpforms-field-required\"><li class=\"choice-1 depth-1\"><input type=\"radio\" id=\"wpforms-383-field_18_1\" name=\"wpforms[fields][18]\" value=\"Online\" required ><label class=\"wpforms-field-label-inline\" for=\"wpforms-383-field_18_1\">Online<\/label><\/li><li class=\"choice-2 depth-1\"><input type=\"radio\" id=\"wpforms-383-field_18_2\" name=\"wpforms[fields][18]\" value=\"Osobne\" required ><label class=\"wpforms-field-label-inline\" for=\"wpforms-383-field_18_2\">Osobne<\/label><\/li><\/ul><\/div><div id=\"wpforms-383-field_19-container\" class=\"wpforms-field wpforms-field-text\" data-field-id=\"19\"><label class=\"wpforms-field-label\" for=\"wpforms-383-field_19\">Kedy by ste chceli s kurzom za\u010da\u0165?<\/label><input type=\"text\" id=\"wpforms-383-field_19\" class=\"wpforms-field-medium\" name=\"wpforms[fields][19]\" ><\/div><div id=\"wpforms-383-field_20-container\" class=\"wpforms-field wpforms-field-text\" data-field-id=\"20\"><label class=\"wpforms-field-label\" for=\"wpforms-383-field_20\">Kedy by V\u00e1m \u010dasovo kurz vyhovoval? (doobeda, poobede, ve\u010der, v\u00edkend)<\/label><input type=\"text\" id=\"wpforms-383-field_20\" class=\"wpforms-field-medium\" name=\"wpforms[fields][20]\" ><\/div><div id=\"wpforms-383-field_5-container\" class=\"wpforms-field wpforms-field-radio\" data-field-id=\"5\"><label class=\"wpforms-field-label\">Va\u0161a pribli\u017en\u00e1 jazykov\u00e1 \u00farove\u0148<\/label><ul id=\"wpforms-383-field_5\"><li class=\"choice-1 depth-1\"><input type=\"radio\" id=\"wpforms-383-field_5_1\" name=\"wpforms[fields][5]\" value=\"Za\u010diato\u010dn\u00edk\"  ><label class=\"wpforms-field-label-inline\" for=\"wpforms-383-field_5_1\">Za\u010diato\u010dn\u00edk<\/label><\/li><li class=\"choice-2 depth-1\"><input type=\"radio\" id=\"wpforms-383-field_5_2\" name=\"wpforms[fields][5]\" value=\"Mierne pokro\u010dil\u00fd\"  ><label class=\"wpforms-field-label-inline\" for=\"wpforms-383-field_5_2\">Mierne pokro\u010dil\u00fd<\/label><\/li><li class=\"choice-3 depth-1\"><input type=\"radio\" id=\"wpforms-383-field_5_3\" name=\"wpforms[fields][5]\" value=\"Pokro\u010dil\u00fd\"  ><label class=\"wpforms-field-label-inline\" for=\"wpforms-383-field_5_3\">Pokro\u010dil\u00fd<\/label><\/li><li class=\"choice-4 depth-1\"><input type=\"radio\" id=\"wpforms-383-field_5_4\" name=\"wpforms[fields][5]\" value=\"Akt\u00edvne vyu\u017e\u00edvam cudz\u00ed jazyk\"  ><label class=\"wpforms-field-label-inline\" for=\"wpforms-383-field_5_4\">Akt\u00edvne vyu\u017e\u00edvam cudz\u00ed jazyk<\/label><\/li><\/ul><\/div><div id=\"wpforms-383-field_13-container\" class=\"wpforms-field wpforms-field-checkbox\" data-field-id=\"13\"><label class=\"wpforms-field-label\">Preferujem<\/label><ul id=\"wpforms-383-field_13\"><li class=\"choice-1 depth-1\"><input type=\"checkbox\" id=\"wpforms-383-field_13_1\" name=\"wpforms[fields][13][]\" value=\"Gramatiku\"  ><label class=\"wpforms-field-label-inline\" for=\"wpforms-383-field_13_1\">Gramatiku<\/label><\/li><li class=\"choice-2 depth-1\"><input type=\"checkbox\" id=\"wpforms-383-field_13_2\" name=\"wpforms[fields][13][]\" value=\"Konverz\u00e1cie\"  ><label class=\"wpforms-field-label-inline\" for=\"wpforms-383-field_13_2\">Konverz\u00e1cie<\/label><\/li><li class=\"choice-3 depth-1\"><input type=\"checkbox\" id=\"wpforms-383-field_13_3\" name=\"wpforms[fields][13][]\" value=\"Hry\"  ><label class=\"wpforms-field-label-inline\" for=\"wpforms-383-field_13_3\">Hry<\/label><\/li><li class=\"choice-4 depth-1\"><input type=\"checkbox\" id=\"wpforms-383-field_13_4\" name=\"wpforms[fields][13][]\" value=\"Knihy\"  ><label class=\"wpforms-field-label-inline\" for=\"wpforms-383-field_13_4\">Knihy<\/label><\/li><li class=\"choice-5 depth-1\"><input type=\"checkbox\" id=\"wpforms-383-field_13_5\" name=\"wpforms[fields][13][]\" value=\"In\u00e9 - vyp\u00ed\u0161te v po\u017eiadavk\u00e1ch\"  ><label class=\"wpforms-field-label-inline\" for=\"wpforms-383-field_13_5\">In\u00e9 - vyp\u00ed\u0161te v po\u017eiadavk\u00e1ch<\/label><\/li><\/ul><\/div><div id=\"wpforms-383-field_7-container\" class=\"wpforms-field wpforms-field-textarea\" data-field-id=\"7\"><label class=\"wpforms-field-label\" for=\"wpforms-383-field_7\">Va\u0161e po\u017eiadavky<\/label><textarea id=\"wpforms-383-field_7\" class=\"wpforms-field-medium\" name=\"wpforms[fields][7]\" ><\/textarea><\/div><div id=\"wpforms-383-field_8-container\" class=\"wpforms-field wpforms-field-checkbox\" data-field-id=\"8\"><label class=\"wpforms-field-label\">Odkia\u013e ste sa o n\u00e1s dozvedeli<\/label><ul id=\"wpforms-383-field_8\"><li class=\"choice-1 depth-1\"><input type=\"checkbox\" id=\"wpforms-383-field_8_1\" name=\"wpforms[fields][8][]\" value=\"Soci\u00e1lne siete\"  ><label class=\"wpforms-field-label-inline\" for=\"wpforms-383-field_8_1\">Soci\u00e1lne siete<\/label><\/li><li class=\"choice-2 depth-1\"><input type=\"checkbox\" id=\"wpforms-383-field_8_2\" name=\"wpforms[fields][8][]\" value=\"Od kamar\u00e1tov\"  ><label class=\"wpforms-field-label-inline\" for=\"wpforms-383-field_8_2\">Od kamar\u00e1tov<\/label><\/li><li class=\"choice-3 depth-1\"><input type=\"checkbox\" id=\"wpforms-383-field_8_3\" name=\"wpforms[fields][8][]\" value=\"V pr\u00e1ci\"  ><label class=\"wpforms-field-label-inline\" for=\"wpforms-383-field_8_3\">V pr\u00e1ci<\/label><\/li><li class=\"choice-4 depth-1\"><input type=\"checkbox\" id=\"wpforms-383-field_8_4\" name=\"wpforms[fields][8][]\" value=\"Na z\u00e1kladnej \u0161kole\"  ><label class=\"wpforms-field-label-inline\" for=\"wpforms-383-field_8_4\">Na z\u00e1kladnej \u0161kole<\/label><\/li><li class=\"choice-5 depth-1\"><input type=\"checkbox\" id=\"wpforms-383-field_8_5\" name=\"wpforms[fields][8][]\" value=\"Z plag\u00e1tikov\"  ><label class=\"wpforms-field-label-inline\" for=\"wpforms-383-field_8_5\">Z plag\u00e1tikov<\/label><\/li><li class=\"choice-6 depth-1\"><input type=\"checkbox\" id=\"wpforms-383-field_8_6\" name=\"wpforms[fields][8][]\" value=\"In\u00e9\"  ><label class=\"wpforms-field-label-inline\" for=\"wpforms-383-field_8_6\">In\u00e9<\/label><\/li><\/ul><\/div><div id=\"wpforms-383-field_10-container\" class=\"wpforms-field wpforms-field-checkbox\" data-field-id=\"10\"><label class=\"wpforms-field-label\">S\u00fahlas so spracovan\u00edm osobn\u00fdch \u00fadajov <span class=\"wpforms-required-label\">*<\/span><\/label><ul id=\"wpforms-383-field_10\" class=\"wpforms-field-required\"><li class=\"choice-1 depth-1\"><input type=\"checkbox\" id=\"wpforms-383-field_10_1\" name=\"wpforms[fields][10][]\" value=\"S\u00fahlas\u00edm\" required ><label class=\"wpforms-field-label-inline\" for=\"wpforms-383-field_10_1\">S\u00fahlas\u00edm<\/label><\/li><\/ul><div class=\"wpforms-field-description\">Podrobnosti o spracov\u00e1van\u00ed osobn\u00fdch \u00fadajov n\u00e1jdete ni\u017e\u0161ie.<\/div><\/div><\/div><!-- .wpforms-field-container --><div class=\"wpforms-submit-container\" ><input type=\"hidden\" name=\"wpforms[id]\" value=\"383\"><input type=\"hidden\" name=\"page_title\" value=\"\"><input type=\"hidden\" name=\"page_url\" value=\"https:\/\/elimo.sk\/en\/wp-json\/wp\/v2\/pages\/375\"><input type=\"hidden\" name=\"url_referer\" value=\"\"><button type=\"submit\" name=\"wpforms[submit]\" id=\"wpforms-submit-383\" class=\"wpforms-submit\" data-alt-text=\"Prihlasujem\" data-submit-text=\"Prihl\u00e1si\u0165\" aria-live=\"assertive\" value=\"wpforms-submit\">Prihl\u00e1si\u0165<\/button><\/div><\/form><\/div>  <!-- .wpforms-container -->\t\t\t\t<\/div>\n\t\t\t\t<\/div>\n\t\t\t\t<div class=\"elementor-element elementor-element-13ccfc6 elementor-button-info elementor-widget elementor-widget-button\" data-id=\"13ccfc6\" data-element_type=\"widget\" data-e-type=\"widget\" data-widget_type=\"button.default\">\n\t\t\t\t<div class=\"elementor-widget-container\">\n\t\t\t\t\t\t\t\t\t<div class=\"elementor-button-wrapper\">\n\t\t\t\t\t<a class=\"elementor-button elementor-button-link elementor-size-xs\" href=\"http:\/\/elimo.sk\/informacie-o-spracovavani-osobnych-udajov\/\">\n\t\t\t\t\t\t<span class=\"elementor-button-content-wrapper\">\n\t\t\t\t\t\t\t\t\t<span class=\"elementor-button-text\">Viac inform\u00e1cii o spracov\u00e1van\u00ed osobn\u00fdch \u00fadajov TU<\/span>\n\t\t\t\t\t<\/span>\n\t\t\t\t\t<\/a>\n\t\t\t\t<\/div>\n\t\t\t\t\t\t\t\t<\/div>\n\t\t\t\t<\/div>\n\t\t\t\t\t<\/div>\n\t\t<\/div>\n\t\t\t\t\t<\/div>\n\t\t<\/section>\n\t\t\t\t<\/div>\n\t\t","protected":false},"excerpt":{"rendered":"<p>More information about the processing of personal data HERE<\/p>","protected":false},"author":1,"featured_media":0,"parent":0,"menu_order":0,"comment_status":"closed","ping_status":"closed","template":"","meta":{"footnotes":""},"class_list":["post-375","page","type-page","status-publish","hentry"],"_links":{"self":[{"href":"https:\/\/elimo.sk\/en\/wp-json\/wp\/v2\/pages\/375","targetHints":{"allow":["GET"]}}],"collection":[{"href":"https:\/\/elimo.sk\/en\/wp-json\/wp\/v2\/pages"}],"about":[{"href":"https:\/\/elimo.sk\/en\/wp-json\/wp\/v2\/types\/page"}],"author":[{"embeddable":true,"href":"https:\/\/elimo.sk\/en\/wp-json\/wp\/v2\/users\/1"}],"replies":[{"embeddable":true,"href":"https:\/\/elimo.sk\/en\/wp-json\/wp\/v2\/comments?post=375"}],"version-history":[{"count":6,"href":"https:\/\/elimo.sk\/en\/wp-json\/wp\/v2\/pages\/375\/revisions"}],"predecessor-version":[{"id":869,"href":"https:\/\/elimo.sk\/en\/wp-json\/wp\/v2\/pages\/375\/revisions\/869"}],"wp:attachment":[{"href":"https:\/\/elimo.sk\/en\/wp-json\/wp\/v2\/media?parent=375"}],"curies":[{"name":"wp","href":"https:\/\/api.w.org\/{rel}","templated":true}]}}